{"id":9427,"date":"2026-04-07T13:34:32","date_gmt":"2026-04-07T11:34:32","guid":{"rendered":"https:\/\/printpack.lv\/products\/mimaki-equipment\/hybrid\/"},"modified":"2026-04-07T13:34:32","modified_gmt":"2026-04-07T11:34:32","slug":"hybrid","status":"publish","type":"page","link":"https:\/\/printpack.lv\/en\/products\/mimaki-equipment\/hybrid\/","title":{"rendered":"Hybrid"},"content":{"rendered":"<section class=\"wpb-content-wrapper\"><p>[vc_row][vc_column][vc_tta_accordion c_icon=&#8221;&#8221; active_section=&#8221;55&#8243; el_class=&#8221;fh-accordion&#8221;][vc_tta_section title=&#8221;UJ330H-160&#8243; tab_id=&#8221;1775561945891-8586181e-6ad2&#8243;][vc_row_inner][vc_column_inner width=&#8221;1\/2&#8243;][vc_column_text]<strong>Description:<\/strong><\/p>\n<p>Hybrid UV printer: Achieve direct printing on both roll and rigid board materials with just one machine<\/p>\n<ul>\n<li data-section-id=\"2relgt\" data-start=\"181\" data-end=\"367\">Papla\u0161ini savu pielietojumu kl\u0101stu, saglab\u0101jot eso\u0161\u0101 darba uzticam\u012bbu: Daudzpus\u012bgs materi\u0101lu atbalsts pla\u0161\u0101k\u0101m rekl\u0101mas un izk\u0101rt\u0146u iesp\u0113j\u0101m (vinils, tents, tapetes, audums u.c.)<\/li>\n<li data-section-id=\"j5qp2k\" data-start=\"368\" data-end=\"453\">Boost your workflow efficiency: With stable handling of wide range of rigid materials<\/li>\n<li data-section-id=\"18oxxz2\" data-start=\"454\" data-end=\"719\">Fast, Beautiful Output with 330 Quality: From solid, uniform fills to smooth, finely detailed gradations with a practical productivity of 14.0 sqm\/h*.<br data-start=\"634\" data-end=\"637\" data-is-only-node=\"\">*When using CMYK + White + Clear or CMYK LcLm + White ink sets.<\/li>\n<li data-section-id=\"9u2jms\" data-start=\"720\" data-end=\"871\">UV x 3-Way Conveyor System: Minimizes the risk of media warping and deformation, ensuring stable media transport with a newly developed belt conveyor system.<\/li>\n<li data-section-id=\"wg2je0\" data-start=\"872\" data-end=\"998\">Value-Added UV Capabilities: White ink, clear ink, and multi-layer printing up to five layers<\/li>\n<li data-section-id=\"1evn9mi\" data-start=\"999\" data-end=\"1134\" data-is-last-node=\"\">Next-generation UV ink that&#8217;s even safer for people and the environment: Approx. 30% less odor than before, SVHC-free, CMR-free<\/li>\n<\/ul>\n<p>[\/vc_column_text][\/vc_column_inner][vc_column_inner width=&#8221;1\/2&#8243;][vc_single_image image=&#8221;9410&#8243; img_size=&#8221;Full&#8221;][\/vc_column_inner][\/vc_row_inner][vc_row_inner][vc_column_inner][vc_column_text]<\/p>\n<h3>Video<\/h3>\n<p>[\/vc_column_text][vc_video link=&#8221;https:\/\/www.youtube.com\/watch?v=F3fTO_Kk4SI&#8221;][\/vc_column_inner][\/vc_row_inner][vc_column_text css=&#8221;.vc_custom_1775566111968{padding-bottom: 25px !important;}&#8221;]<\/p>\n<h3>Downloands and technical data<\/h3>\n<p>[\/vc_column_text][vc_row_inner][vc_column_inner width=&#8221;1\/4&#8243;][vc_btn title=&#8221;UJ330h-160 Catalog&#8221; style=&#8221;outline-custom&#8221; outline_custom_color=&#8221;#45ac34&#8243; outline_custom_hover_background=&#8221;#45ac34&#8243; outline_custom_hover_text=&#8221;#ffffff&#8221; shape=&#8221;square&#8221; align=&#8221;center&#8221; button_block=&#8221;true&#8221; link=&#8221;url:https%3A%2F%2Fmimaki.com%2Farchives%2F002%2F202604%2FDB10395-01_UJ330H-160_noOL_EN.pdf&#8221;][\/vc_column_inner][vc_column_inner width=&#8221;1\/4&#8243;][vc_btn title=&#8221;Specifications&#8221; style=&#8221;outline-custom&#8221; outline_custom_color=&#8221;#45ac34&#8243; outline_custom_hover_background=&#8221;#45ac34&#8243; outline_custom_hover_text=&#8221;#ffffff&#8221; shape=&#8221;square&#8221; align=&#8221;center&#8221; button_block=&#8221;true&#8221; link=&#8221;url:https%3A%2F%2Fmimaki.com%2Fproduct%2Finkjet%2Fhybrid%2Fuj330h-160%2Fspecification.html&#8221;][\/vc_column_inner][vc_column_inner width=&#8221;1\/4&#8243;][vc_btn title=&#8221;Manual&#8221; style=&#8221;outline-custom&#8221; outline_custom_color=&#8221;#45ac34&#8243; outline_custom_hover_background=&#8221;#45ac34&#8243; outline_custom_hover_text=&#8221;#ffffff&#8221; shape=&#8221;square&#8221; align=&#8221;center&#8221; button_block=&#8221;true&#8221; link=&#8221;url:https%3A%2F%2Fmimaki.com%2Fproduct%2Finkjet%2Fhybrid%2Fuj330h-160%2Fdownload-manual.html&#8221;][\/vc_column_inner][vc_column_inner width=&#8221;1\/4&#8243;][vc_btn title=&#8221;Driver \/ Utility&#8221; style=&#8221;outline-custom&#8221; outline_custom_color=&#8221;#45ac34&#8243; outline_custom_hover_background=&#8221;#45ac34&#8243; outline_custom_hover_text=&#8221;#ffffff&#8221; shape=&#8221;square&#8221; align=&#8221;center&#8221; button_block=&#8221;true&#8221; link=&#8221;url:https%3A%2F%2Fmimaki.com%2Fproduct%2Finkjet%2Fhybrid%2Fuj330h-160%2Fdownload-driver.html&#8221;][\/vc_column_inner][\/vc_row_inner][\/vc_tta_section][\/vc_tta_accordion][\/vc_column][\/vc_row]<\/p>\n<\/section>","protected":false},"excerpt":{"rendered":"<p>[vc_row][vc_column][vc_tta_accordion c_icon=&#8221;&#8221; active_section=&#8221;55&#8243; el_class=&#8221;fh-accordion&#8221;][vc_tta_section title=&#8221;UJ330H-160&#8243; tab_id=&#8221;1775561945891-8586181e-6ad2&#8243;][vc_row_inner][vc_column_inner width=&#8221;1\/2&#8243;][vc_column_text]Description: Hybrid UV printer: Achieve direct printing on both roll and rigid board materials&hellip;<\/p>\n","protected":false},"author":2,"featured_media":0,"parent":6545,"menu_order":0,"comment_status":"closed","ping_status":"closed","template":"","meta":{"footnotes":""},"class_list":["post-9427","page","type-page","status-publish","hentry","no-thumb"],"yoast_head":"<!-- This site is optimized with the Yoast SEO plugin v27.4 - https:\/\/yoast.com\/product\/yoast-seo-wordpress\/ -->\n<title>Hybrid - Printpack Service<\/title>\n<meta name=\"robots\" content=\"index, follow, max-snippet:-1, max-image-preview:large, max-video-preview:-1\" \/>\n<link rel=\"canonical\" href=\"https:\/\/printpack.lv\/en\/products\/mimaki-equipment\/hybrid\/\" \/>\n<meta property=\"og:locale\" content=\"en_US\" \/>\n<meta property=\"og:type\" content=\"article\" \/>\n<meta property=\"og:title\" content=\"Hybrid - Printpack Service\" \/>\n<meta property=\"og:description\" content=\"[vc_row][vc_column][vc_tta_accordion c_icon=&#8221;&#8221; active_section=&#8221;55&#8243; el_class=&#8221;fh-accordion&#8221;][vc_tta_section title=&#8221;UJ330H-160&#8243; tab_id=&#8221;1775561945891-8586181e-6ad2&#8243;][vc_row_inner][vc_column_inner width=&#8221;1\/2&#8243;][vc_column_text]Description: Hybrid UV printer: Achieve direct printing on both roll and rigid board materials&hellip;\" \/>\n<meta property=\"og:url\" content=\"https:\/\/printpack.lv\/en\/products\/mimaki-equipment\/hybrid\/\" \/>\n<meta property=\"og:site_name\" content=\"Printpack Service\" \/>\n<meta property=\"article:publisher\" content=\"https:\/\/www.facebook.com\/creolink.lv\" \/>\n<meta property=\"og:image\" content=\"https:\/\/printpack.lv\/wp-content\/uploads\/2023\/11\/Printpack-Service_logo.png\" \/>\n\t<meta property=\"og:image:width\" content=\"1181\" \/>\n\t<meta property=\"og:image:height\" content=\"692\" \/>\n\t<meta property=\"og:image:type\" content=\"image\/png\" \/>\n<meta name=\"twitter:card\" content=\"summary_large_image\" \/>\n<meta name=\"twitter:label1\" content=\"Est. reading time\" \/>\n\t<meta name=\"twitter:data1\" content=\"2 minutes\" \/>\n<!-- \/ Yoast SEO plugin. -->","yoast_head_json":{"title":"Hybrid - Printpack Service","robots":{"index":"index","follow":"follow","max-snippet":"max-snippet:-1","max-image-preview":"max-image-preview:large","max-video-preview":"max-video-preview:-1"},"canonical":"https:\/\/printpack.lv\/en\/products\/mimaki-equipment\/hybrid\/","og_locale":"en_US","og_type":"article","og_title":"Hybrid - Printpack Service","og_description":"[vc_row][vc_column][vc_tta_accordion c_icon=&#8221;&#8221; active_section=&#8221;55&#8243; el_class=&#8221;fh-accordion&#8221;][vc_tta_section title=&#8221;UJ330H-160&#8243; tab_id=&#8221;1775561945891-8586181e-6ad2&#8243;][vc_row_inner][vc_column_inner width=&#8221;1\/2&#8243;][vc_column_text]Description: Hybrid UV printer: Achieve direct printing on both roll and rigid board materials&hellip;","og_url":"https:\/\/printpack.lv\/en\/products\/mimaki-equipment\/hybrid\/","og_site_name":"Printpack Service","article_publisher":"https:\/\/www.facebook.com\/creolink.lv","og_image":[{"width":1181,"height":692,"url":"https:\/\/printpack.lv\/wp-content\/uploads\/2023\/11\/Printpack-Service_logo.png","type":"image\/png"}],"twitter_card":"summary_large_image","twitter_misc":{"Est. reading time":"2 minutes"},"schema":{"@context":"https:\/\/schema.org","@graph":[{"@type":"WebPage","@id":"https:\/\/printpack.lv\/en\/products\/mimaki-equipment\/hybrid\/","url":"https:\/\/printpack.lv\/en\/products\/mimaki-equipment\/hybrid\/","name":"Hybrid - Printpack Service","isPartOf":{"@id":"https:\/\/printpack.lv\/en\/#website"},"datePublished":"2026-04-07T11:34:32+00:00","breadcrumb":{"@id":"https:\/\/printpack.lv\/en\/products\/mimaki-equipment\/hybrid\/#breadcrumb"},"inLanguage":"en-US","potentialAction":[{"@type":"ReadAction","target":["https:\/\/printpack.lv\/en\/products\/mimaki-equipment\/hybrid\/"]}]},{"@type":"BreadcrumbList","@id":"https:\/\/printpack.lv\/en\/products\/mimaki-equipment\/hybrid\/#breadcrumb","itemListElement":[{"@type":"ListItem","position":1,"name":"M\u0101jas","item":"https:\/\/printpack.lv\/en\/"},{"@type":"ListItem","position":2,"name":"Products","item":"https:\/\/printpack.lv\/en\/produkti\/"},{"@type":"ListItem","position":3,"name":"Mimaki equipment","item":"https:\/\/printpack.lv\/en\/produkti\/mimaki-iekartas\/"},{"@type":"ListItem","position":4,"name":"Hybrid"}]},{"@type":"WebSite","@id":"https:\/\/printpack.lv\/en\/#website","url":"https:\/\/printpack.lv\/en\/","name":"Printpack Service","description":"","publisher":{"@id":"https:\/\/printpack.lv\/en\/#organization"},"potentialAction":[{"@type":"SearchAction","target":{"@type":"EntryPoint","urlTemplate":"https:\/\/printpack.lv\/en\/?s={search_term_string}"},"query-input":{"@type":"PropertyValueSpecification","valueRequired":true,"valueName":"search_term_string"}}],"inLanguage":"en-US"},{"@type":"Organization","@id":"https:\/\/printpack.lv\/en\/#organization","name":"Printpack Service","url":"https:\/\/printpack.lv\/en\/","logo":{"@type":"ImageObject","inLanguage":"en-US","@id":"https:\/\/printpack.lv\/en\/#\/schema\/logo\/image\/","url":"https:\/\/printpack.lv\/wp-content\/uploads\/2023\/11\/Printpack-Service_logo.png","contentUrl":"https:\/\/printpack.lv\/wp-content\/uploads\/2023\/11\/Printpack-Service_logo.png","width":1181,"height":692,"caption":"Printpack Service"},"image":{"@id":"https:\/\/printpack.lv\/en\/#\/schema\/logo\/image\/"},"sameAs":["https:\/\/www.facebook.com\/creolink.lv"]}]}},"rttpg_featured_image_url":null,"rttpg_author":{"display_name":"printpack","author_link":"https:\/\/printpack.lv\/en\/author\/printpack\/"},"rttpg_comment":0,"rttpg_category":" <a href=\"https:\/\/printpack.lv\/en\/?taxonomy=translation_priority&#038;term=optional-en\" rel=\"tag\">Optional<\/a>","rttpg_excerpt":"[vc_row][vc_column][vc_tta_accordion c_icon=&#8221;&#8221; active_section=&#8221;55&#8243; el_class=&#8221;fh-accordion&#8221;][vc_tta_section title=&#8221;UJ330H-160&#8243; tab_id=&#8221;1775561945891-8586181e-6ad2&#8243;][vc_row_inner][vc_column_inner width=&#8221;1\/2&#8243;][vc_column_text]Description: Hybrid UV printer: Achieve direct printing on both roll and rigid board materials&hellip;","_links":{"self":[{"href":"https:\/\/printpack.lv\/en\/wp-json\/wp\/v2\/pages\/9427","targetHints":{"allow":["GET"]}}],"collection":[{"href":"https:\/\/printpack.lv\/en\/wp-json\/wp\/v2\/pages"}],"about":[{"href":"https:\/\/printpack.lv\/en\/wp-json\/wp\/v2\/types\/page"}],"author":[{"embeddable":true,"href":"https:\/\/printpack.lv\/en\/wp-json\/wp\/v2\/users\/2"}],"replies":[{"embeddable":true,"href":"https:\/\/printpack.lv\/en\/wp-json\/wp\/v2\/comments?post=9427"}],"version-history":[{"count":0,"href":"https:\/\/printpack.lv\/en\/wp-json\/wp\/v2\/pages\/9427\/revisions"}],"up":[{"embeddable":true,"href":"https:\/\/printpack.lv\/en\/wp-json\/wp\/v2\/pages\/6545"}],"wp:attachment":[{"href":"https:\/\/printpack.lv\/en\/wp-json\/wp\/v2\/media?parent=9427"}],"curies":[{"name":"wp","href":"https:\/\/api.w.org\/{rel}","templated":true}]}}