{"id":5725,"date":"2017-04-21T08:33:30","date_gmt":"2017-04-21T06:33:30","guid":{"rendered":"https:\/\/printpack.lv\/about-us\/"},"modified":"2024-04-02T16:01:04","modified_gmt":"2024-04-02T14:01:04","slug":"about-us","status":"publish","type":"page","link":"https:\/\/printpack.lv\/en\/about-us\/","title":{"rendered":"About Us"},"content":{"rendered":"<section class=\"wpb-content-wrapper\"><p>[vc_row css=&#8221;.vc_custom_1688542042662{padding-bottom: 10px !important;}&#8221;][vc_column][vc_single_image image=&#8221;5852&#8243; img_size=&#8221;Full&#8221; alignment=&#8221;center&#8221; css=&#8221;.vc_custom_1689254590658{padding-top: 25px !important;}&#8221;][vc_column_text css_animation=&#8221;none&#8221; css=&#8221;.vc_custom_1693221729717{padding-top: 70px !important;padding-bottom: 20px !important;}&#8221;]<\/p>\n<p style=\"text-align: center;\"><span style=\"color: #000000; font-size: 24px;\">Our company <strong>Printpack Service Ltd.<\/strong> was established in 2002<br \/>\n<\/span><span style=\"color: #000000; font-size: 24px;\"> . For more than two decades, our main areas of activity have been:<\/span>[\/vc_column_text][\/vc_column][\/vc_row][vc_row css=&#8221;.vc_custom_1688542025486{padding-top: 10px !important;padding-bottom: 10px !important;}&#8221;][vc_column width=&#8221;1\/2&#8243;][vc_column_text css_animation=&#8221;none&#8221; css=&#8221;.vc_custom_1688542133587{padding-top: 65px !important;}&#8221;]<\/p>\n<p style=\"text-align: center; font-size: 24px;\"><span style=\"color: #000000;\"><strong>Production:<\/strong><\/span><\/p>\n<ul>\n<li><span style=\"color: #000000;\">We produce plastic parts of various complexity and application: PA6, POM, PET, PE, PVC, PC, PMMA, etc. c;<\/span><\/li>\n<li><span style=\"color: #000000;\">CNC milling of sheet materials;<\/span><\/li>\n<li><span style=\"color: #000000;\">We produce corrugated cardboard packaging to the dimensions specified by our customers.<\/span><\/li>\n<\/ul>\n<p>[\/vc_column_text][\/vc_column][vc_column width=&#8221;1\/2&#8243;][vc_column_text css_animation=&#8221;none&#8221; css=&#8221;.vc_custom_1689254149224{padding-top: 65px !important;}&#8221;]<\/p>\n<p style=\"text-align: center; font-size: 24px;\"><span style=\"color: #000000;\"><strong>Wholesale and retail trade:<\/strong><\/span><\/p>\n<ul>\n<li><span style=\"color: #000000;\">Visual advertising materials for both outdoor and indoor advertising projects;<\/span><\/li>\n<li><span style=\"color: #000000;\">Specialised digital printing equipment and printer supplies;<\/span><\/li>\n<li><span style=\"color: #000000;\">Semi-finished technical plastics, rubber, aluminium profiles;<\/span><\/li>\n<li><span style=\"color: #000000;\">Materials for printing.<\/span><\/li>\n<\/ul>\n<p>[\/vc_column_text][\/vc_column][\/vc_row][vc_row css=&#8221;.vc_custom_1688542008193{padding-top: 10px !important;padding-bottom: 10px !important;}&#8221;][vc_column width=&#8221;1\/2&#8243;][vc_column_text css_animation=&#8221;none&#8221; css=&#8221;.vc_custom_1688542235034{padding-top: 65px !important;}&#8221;]<\/p>\n<p style=\"text-align: center; font-size: 24px;\"><span style=\"color: #000000;\"><strong>Our advantages:<\/strong><\/span><\/p>\n<ul>\n<li><span style=\"color: #000000;\">One of the largest ranges of promotional materials and plastic products,<\/span><\/li>\n<li><span style=\"color: #000000;\">Meet deadlines and commitments,<\/span><\/li>\n<li><span style=\"color: #000000;\">Response.<\/span><\/li>\n<\/ul>\n<p>[\/vc_column_text][\/vc_column][vc_column width=&#8221;1\/2&#8243;][vc_column_text css_animation=&#8221;none&#8221; el_class=&#8221;.l_txt&#8221; css=&#8221;.vc_custom_1689254126551{padding-top: 65px !important;}&#8221;]<span style=\"color: #000000;\">Since 2016. we are part of the international CREOLINK group of companies. More about the group &#8211; <a style=\"color: #15c;\" href=\"http:\/\/www.creolinkgroup.com\">www.creolinkgroup.com<\/a><\/span>[\/vc_column_text][vc_column_text css=&#8221;.vc_custom_1688542513684{padding-top: 35px !important;}&#8221; el_class=&#8221;.l_txt&#8221;]<span style=\"color: #000000;\"><strong>E-commerce: <\/strong><a style=\"color: #15c;\" href=\"http:\/\/www.e-printpack.lv\">www.e-printpack.lv<\/a><\/span>[\/vc_column_text][\/vc_column][\/vc_row][vc_row css=&#8221;.vc_custom_1688542008193{padding-top: 10px !important;padding-bottom: 10px !important;}&#8221;][vc_column width=&#8221;1\/2&#8243;][vc_btn title=&#8221;Human rights, non-discrimination, child and forced labour policies&#8221; style=&#8221;outline-custom&#8221; outline_custom_color=&#8221;#45ac34&#8243; outline_custom_hover_background=&#8221;#45ac34&#8243; outline_custom_hover_text=&#8221;#ffffff&#8221; shape=&#8221;square&#8221; align=&#8221;center&#8221; css=&#8221;.vc_custom_1689687898124{padding-top: 50px !important;}&#8221; link=&#8221;url:https%3A%2F%2Fprintpack.lv%2Fwp-content%2Fuploads%2F2023%2F07%2FCILVEKTIESIBAS-NEDISKRIMINACIJA-BERNU-UN-PIESPIEDU-DARBA-POLITIKA.pdf|target:_blank|&#8221;][\/vc_column][vc_column width=&#8221;1\/2&#8243;][vc_btn title=&#8221;Anti-violence and anti-harassment policy&#8221; style=&#8221;outline-custom&#8221; outline_custom_color=&#8221;#45ac34&#8243; outline_custom_hover_background=&#8221;#45ac34&#8243; outline_custom_hover_text=&#8221;#ffffff&#8221; shape=&#8221;square&#8221; align=&#8221;center&#8221; css=&#8221;.vc_custom_1689687920627{padding-top: 50px !important;}&#8221; link=&#8221;url:https%3A%2F%2Fprintpack.lv%2Fwp-content%2Fuploads%2F2023%2F07%2FVardarbibas-un-uzmaksas-noversanas-politika.pdf|target:_blank|&#8221;][\/vc_column][\/vc_row][vc_row full_width=&#8221;stretch_row&#8221; css=&#8221;.vc_custom_1689254227325{padding-top: 45px !important;}&#8221;][vc_column css=&#8221;.vc_custom_1490606963013{padding-right: 0px !important;padding-left: 0px !important;}&#8221;][vc_single_image image=&#8221;5101&#8243; img_size=&#8221;FUll&#8221;][\/vc_column][\/vc_row][vc_row disable_element=&#8221;yes&#8221; css=&#8221;.vc_custom_1688025593665{padding-top: 70px !important;padding-bottom: 40px !important;background-color: #f7f7f7 !important;}&#8221;][vc_column width=&#8221;1\/3&#8243;]<div class=\" fh-icon-box-2 dark-version icon-center\" style=\"background-image: url()\"> <span class=\"fh-icon\"><i class=\"factory-people\"><\/i><\/span> <h4>We are Professional<\/h4> <div class=\"sub-title\">Engineers<\/div><div class=\"desc\"><p>How all this mistaken idea ut denouncing pleasure and praising pain complete.<\/p>\n<\/div><\/div><div class=\" fh-icon-box-2 dark-version icon-center\" style=\"background-image: url()\"> <span class=\"fh-icon\"><i class=\"factory-power\"><\/i><\/span> <h4>We are Professional<\/h4> <div class=\"sub-title\">Engineers<\/div><div class=\"desc\"><p>How all this mistaken idea ut denouncing pleasure and praising pain complete.<\/p>\n<\/div><\/div>[\/vc_column][vc_column width=&#8221;1\/3&#8243;]<div class=\" fh-icon-box-2 dark-version icon-center\" style=\"background-image: url()\"> <span class=\"fh-icon\"><i class=\"flaticon-drawing\"><\/i><\/span> <h4>We are Trusted<\/h4> <div class=\"sub-title\">Team Members<\/div><div class=\"desc\"><p>Some great pleasure take trivial example, which of ever undertakes advantage.<\/p>\n<\/div><\/div><div class=\" fh-icon-box-2 dark-version icon-center\" style=\"background-image: url()\"> <span class=\"fh-icon\"><i class=\"flaticon-box\"><\/i><\/span> <h4>Certified Products<\/h4> <div class=\"sub-title\">AEIO Certified<\/div><div class=\"desc\"><p>Chooses to enjoy pleasure that sed has annoying consequences.<\/p>\n<\/div><\/div>[\/vc_column][vc_column width=&#8221;1\/3&#8243;]<div class=\" fh-icon-box-2 dark-version icon-center\" style=\"background-image: url()\"> <span class=\"fh-icon\"><i class=\"flaticon-pencil\"><\/i><\/span> <h4>We are Creative<\/h4> <div class=\"sub-title\">Designers<\/div><div class=\"desc\"><p>The master builders human happines no rejects, dislikes,avoids extremely.<\/p>\n<\/div><\/div><div class=\" fh-icon-box-2 dark-version icon-center\" style=\"background-image: url()\"> <span class=\"fh-icon\"><i class=\"flaticon-avatar\"><\/i><\/span> <h4>We are Professional<\/h4> <div class=\"sub-title\">Engineers<\/div><div class=\"desc\"><p>How all this mistaken idea ut denouncing pleasure and praising pain complete.<\/p>\n<\/div><\/div>[\/vc_column][\/vc_row][vc_row css=&#8221;.vc_custom_1490671554364{padding-top: 75px !important;padding-bottom: 50px !important;}&#8221;][vc_column]<div class=\"fh-section-title clearfix  text-center style-1\">\n                <h2>Our team<\/h2>\n            <\/div>[\/vc_column][\/vc_row][vc_row][vc_column][vc_tta_accordion style=&#8221;flat&#8221; color=&#8221;green&#8221; c_align=&#8221;center&#8221; c_icon=&#8221;&#8221; active_section=&#8221;1&#8243; no_fill=&#8221;true&#8221; collapsible_all=&#8221;true&#8221; el_class=&#8221;acc_people&#8221;][vc_tta_section title=&#8221;Office&#8221; tab_id=&#8221;1693819885590-ba8e8505-0f49&#8243;][vc_row_inner][vc_column_inner width=&#8221;1\/6&#8243;]<div class=\"fh-team  style-2\">\n\t\t\t\t<div class=\"team-member\">\n\t\t\t\t\t<div class=\"overlay\" style=\"background-color:rgba(69,172,52,0.35)\"><\/div>\n\t\t\t\t\t<img loading=\"lazy\" decoding=\"async\" class=\"\" src=\"https:\/\/printpack.lv\/wp-content\/uploads\/2023\/08\/DSC4617-Edit-scaled-264x400.jpg\" width=\"264\" height=\"400\" alt=\"_DSC4617-Edit\" title=\"_DSC4617-Edit\" \/>\n\t\t\t\t<\/div>\n\t\t\t\t<div class=\"info\">\n\t\t\t\t\t<h4 class=\"name\">Linas Kon\u010dius<\/h4>\n\t\t\t\t\t<span class=\"job\">Valdes loceklis<\/span>\n\t\t\t\t\t<p>printpack@printpack.lv +371 67818007<\/p>\n\t\t\t\t<\/div>\n\t\t\t\t<div class=\"socials\">\n\t\t\t\t\t\t<ul class=\"list-social clearfix\">\n\t\t\t\t\t\t\t\n\t\t\t\t\t\t<\/ul>\n\t\t\t\t\t<\/div>\n\t\t\t<\/div>[\/vc_column_inner][vc_column_inner width=&#8221;1\/6&#8243;]<div class=\"fh-team  style-2\">\n\t\t\t\t<div class=\"team-member\">\n\t\t\t\t\t<div class=\"overlay\" style=\"background-color:rgba(69,172,52,0.35)\"><\/div>\n\t\t\t\t\t<img loading=\"lazy\" decoding=\"async\" class=\"\" src=\"https:\/\/printpack.lv\/wp-content\/uploads\/2023\/08\/DSC4632-Edit-scaled-264x400.jpg\" width=\"264\" height=\"400\" alt=\"_DSC4632-Edit\" title=\"_DSC4632-Edit\" \/>\n\t\t\t\t<\/div>\n\t\t\t\t<div class=\"info\">\n\t\t\t\t\t<h4 class=\"name\">Ilze Auk\u0161mukste<\/h4>\n\t\t\t\t\t<span class=\"job\">P\u0101rdo\u0161anas vad\u012bt\u0101ja<\/span>\n\t\t\t\t\t<p>printpack@printpack.lv +371 67818007<\/p>\n\t\t\t\t<\/div>\n\t\t\t\t<div class=\"socials\">\n\t\t\t\t\t\t<ul class=\"list-social clearfix\">\n\t\t\t\t\t\t\t\n\t\t\t\t\t\t<\/ul>\n\t\t\t\t\t<\/div>\n\t\t\t<\/div>[\/vc_column_inner][vc_column_inner width=&#8221;1\/6&#8243;]<div class=\"fh-team  style-2\">\n\t\t\t\t<div class=\"team-member\">\n\t\t\t\t\t<div class=\"overlay\" style=\"background-color:rgba(69,172,52,0.35)\"><\/div>\n\t\t\t\t\t<img loading=\"lazy\" decoding=\"async\" class=\"\" src=\"https:\/\/printpack.lv\/wp-content\/uploads\/2023\/08\/DSC4635-Edit-scaled-264x400.jpg\" width=\"264\" height=\"400\" alt=\"_DSC4635-Edit\" title=\"_DSC4635-Edit\" \/>\n\t\t\t\t<\/div>\n\t\t\t\t<div class=\"info\">\n\t\t\t\t\t<h4 class=\"name\">Tatjana Prud\u0101ne<\/h4>\n\t\t\t\t\t<span class=\"job\">Biroja vad\u012bt\u0101ja<\/span>\n\t\t\t\t\t<p>printpack@printpack.lv +371 67818007<\/p>\n\t\t\t\t<\/div>\n\t\t\t\t<div class=\"socials\">\n\t\t\t\t\t\t<ul class=\"list-social clearfix\">\n\t\t\t\t\t\t\t\n\t\t\t\t\t\t<\/ul>\n\t\t\t\t\t<\/div>\n\t\t\t<\/div>[\/vc_column_inner][vc_column_inner width=&#8221;1\/6&#8243;]<div class=\"fh-team  style-2\">\n\t\t\t\t<div class=\"team-member\">\n\t\t\t\t\t<div class=\"overlay\" style=\"background-color:rgba(69,172,52,0.35)\"><\/div>\n\t\t\t\t\t<img loading=\"lazy\" decoding=\"async\" class=\"\" src=\"https:\/\/printpack.lv\/wp-content\/uploads\/2023\/08\/DSC4678-Edit-scaled-264x400.jpg\" width=\"264\" height=\"400\" alt=\"_DSC4678-Edit\" title=\"_DSC4678-Edit\" \/>\n\t\t\t\t<\/div>\n\t\t\t\t<div class=\"info\">\n\t\t\t\t\t<h4 class=\"name\">L\u012bga Lo\u010da<\/h4>\n\t\t\t\t\t<span class=\"job\">Gr\u0101matve\u017ea pal\u012bgs<\/span>\n\t\t\t\t\t<p>printpack@printpack.lv +371 67818007<\/p>\n\t\t\t\t<\/div>\n\t\t\t\t<div class=\"socials\">\n\t\t\t\t\t\t<ul class=\"list-social clearfix\">\n\t\t\t\t\t\t\t\n\t\t\t\t\t\t<\/ul>\n\t\t\t\t\t<\/div>\n\t\t\t<\/div>[\/vc_column_inner][vc_column_inner width=&#8221;1\/6&#8243;][\/vc_column_inner][vc_column_inner width=&#8221;1\/6&#8243;][\/vc_column_inner][\/vc_row_inner][\/vc_tta_section][vc_tta_section title=&#8221;Sales&#8221; tab_id=&#8221;1693819885590-ad2ad85d-66f3&#8243;][vc_row_inner][vc_column_inner width=&#8221;1\/6&#8243;]<div class=\"fh-team  style-2\">\n\t\t\t\t<div class=\"team-member\">\n\t\t\t\t\t<div class=\"overlay\" style=\"background-color:rgba(69,172,52,0.35)\"><\/div>\n\t\t\t\t\t<img loading=\"lazy\" decoding=\"async\" class=\"\" src=\"https:\/\/printpack.lv\/wp-content\/uploads\/2023\/08\/DSC4622-Edit-scaled-264x400.jpg\" width=\"264\" height=\"400\" alt=\"_DSC4622-Edit\" title=\"_DSC4622-Edit\" \/>\n\t\t\t\t<\/div>\n\t\t\t\t<div class=\"info\">\n\t\t\t\t\t<h4 class=\"name\">Jevg\u0113nijs Ivanovskis<\/h4>\n\t\t\t\t\t<span class=\"job\">Plastik\u0101tu tirdzniec\u012bba<\/span>\n\t\t\t\t\t<p>printpack@printpack.lv +371 67818007<\/p>\n\t\t\t\t<\/div>\n\t\t\t\t<div class=\"socials\">\n\t\t\t\t\t\t<ul class=\"list-social clearfix\">\n\t\t\t\t\t\t\t\n\t\t\t\t\t\t<\/ul>\n\t\t\t\t\t<\/div>\n\t\t\t<\/div>[\/vc_column_inner][vc_column_inner width=&#8221;1\/6&#8243;]<div class=\"fh-team  style-2\">\n\t\t\t\t<div class=\"team-member\">\n\t\t\t\t\t<div class=\"overlay\" style=\"background-color:rgba(69,172,52,0.35)\"><\/div>\n\t\t\t\t\t<img loading=\"lazy\" decoding=\"async\" class=\"\" src=\"https:\/\/printpack.lv\/wp-content\/uploads\/2023\/08\/DSC4646-Edit-scaled-264x400.jpg\" width=\"264\" height=\"400\" alt=\"_DSC4646-Edit\" title=\"_DSC4646-Edit\" \/>\n\t\t\t\t<\/div>\n\t\t\t\t<div class=\"info\">\n\t\t\t\t\t<h4 class=\"name\">Aleksandra Markova<\/h4>\n\t\t\t\t\t<span class=\"job\">VISCOM<\/span>\n\t\t\t\t\t<p>printpack@printpack.lv +371 67818007<\/p>\n\t\t\t\t<\/div>\n\t\t\t\t<div class=\"socials\">\n\t\t\t\t\t\t<ul class=\"list-social clearfix\">\n\t\t\t\t\t\t\t\n\t\t\t\t\t\t<\/ul>\n\t\t\t\t\t<\/div>\n\t\t\t<\/div>[\/vc_column_inner][vc_column_inner width=&#8221;1\/6&#8243;]<div class=\"fh-team  style-2\">\n\t\t\t\t<div class=\"team-member\">\n\t\t\t\t\t<div class=\"overlay\" style=\"background-color:rgba(69,172,52,0.35)\"><\/div>\n\t\t\t\t\t<img loading=\"lazy\" decoding=\"async\" class=\"\" src=\"https:\/\/printpack.lv\/wp-content\/uploads\/2023\/08\/DSC4695-scaled-264x400.jpg\" width=\"264\" height=\"400\" alt=\"_DSC4695\" title=\"_DSC4695\" \/>\n\t\t\t\t<\/div>\n\t\t\t\t<div class=\"info\">\n\t\t\t\t\t<h4 class=\"name\">Maksims Pil\u0161\u010dikovs<\/h4>\n\t\t\t\t\t<span class=\"job\">Poligr\u0101fijas materi\u0101lu tirdzniec\u012bba<\/span>\n\t\t\t\t\t<p>printpack@printpack.lv +371 67818007<\/p>\n\t\t\t\t<\/div>\n\t\t\t\t<div class=\"socials\">\n\t\t\t\t\t\t<ul class=\"list-social clearfix\">\n\t\t\t\t\t\t\t\n\t\t\t\t\t\t<\/ul>\n\t\t\t\t\t<\/div>\n\t\t\t<\/div>[\/vc_column_inner][vc_column_inner width=&#8221;1\/6&#8243;]<div class=\"fh-team  style-2\">\n\t\t\t\t<div class=\"team-member\">\n\t\t\t\t\t<div class=\"overlay\" style=\"background-color:rgba(69,172,52,0.35)\"><\/div>\n\t\t\t\t\t<img loading=\"lazy\" decoding=\"async\" class=\"\" src=\"https:\/\/printpack.lv\/wp-content\/uploads\/2023\/08\/DSC4724-scaled-264x400.jpg\" width=\"264\" height=\"400\" alt=\"_DSC4724\" title=\"_DSC4724\" \/>\n\t\t\t\t<\/div>\n\t\t\t\t<div class=\"info\">\n\t\t\t\t\t<h4 class=\"name\">Sergejs Kuzkins<\/h4>\n\t\t\t\t\t<span class=\"job\">Iek\u0101rtu tirdzniec\u012bba<\/span>\n\t\t\t\t\t<p>printpack@printpack.lv +371 67818007<\/p>\n\t\t\t\t<\/div>\n\t\t\t\t<div class=\"socials\">\n\t\t\t\t\t\t<ul class=\"list-social clearfix\">\n\t\t\t\t\t\t\t\n\t\t\t\t\t\t<\/ul>\n\t\t\t\t\t<\/div>\n\t\t\t<\/div>[\/vc_column_inner][vc_column_inner width=&#8221;1\/6&#8243;][\/vc_column_inner][vc_column_inner width=&#8221;1\/6&#8243;][\/vc_column_inner][\/vc_row_inner][\/vc_tta_section][vc_tta_section title=&#8221;Production and storage&#8221; tab_id=&#8221;1693820073047-acb85a61-c023&#8243;][vc_row_inner][vc_column_inner width=&#8221;1\/6&#8243;]<div class=\"fh-team  style-2\">\n\t\t\t\t<div class=\"team-member\">\n\t\t\t\t\t<div class=\"overlay\" style=\"background-color:rgba(69,172,52,0.35)\"><\/div>\n\t\t\t\t\t<img loading=\"lazy\" decoding=\"async\" class=\"\" src=\"https:\/\/printpack.lv\/wp-content\/uploads\/2023\/08\/DSC4703-scaled-264x400.jpg\" width=\"264\" height=\"400\" alt=\"_DSC4703\" title=\"_DSC4703\" \/>\n\t\t\t\t<\/div>\n\t\t\t\t<div class=\"info\">\n\t\t\t\t\t<h4 class=\"name\">P\u0101vels Varhotovs<\/h4>\n\t\t\t\t\t<span class=\"job\">Noliktavas p\u0101rzinis<\/span>\n\t\t\t\t\t<p>printpack@printpack.lv +371 67818007<\/p>\n\t\t\t\t<\/div>\n\t\t\t\t<div class=\"socials\">\n\t\t\t\t\t\t<ul class=\"list-social clearfix\">\n\t\t\t\t\t\t\t\n\t\t\t\t\t\t<\/ul>\n\t\t\t\t\t<\/div>\n\t\t\t<\/div>[\/vc_column_inner][vc_column_inner width=&#8221;1\/6&#8243;]<div class=\"fh-team  style-2\">\n\t\t\t\t<div class=\"team-member\">\n\t\t\t\t\t<div class=\"overlay\" style=\"background-color:rgba(69,172,52,0.35)\"><\/div>\n\t\t\t\t\t<img loading=\"lazy\" decoding=\"async\" class=\"\" src=\"https:\/\/printpack.lv\/wp-content\/uploads\/2023\/08\/DSC4652-scaled-264x400.jpg\" width=\"264\" height=\"400\" alt=\"_DSC4652\" title=\"_DSC4652\" \/>\n\t\t\t\t<\/div>\n\t\t\t\t<div class=\"info\">\n\t\t\t\t\t<h4 class=\"name\">Agris Razgals<\/h4>\n\t\t\t\t\t<span class=\"job\">Tehniskais str\u0101dnieks<\/span>\n\t\t\t\t\t<p>printpack@printpack.lv +371 67818007<\/p>\n\t\t\t\t<\/div>\n\t\t\t\t<div class=\"socials\">\n\t\t\t\t\t\t<ul class=\"list-social clearfix\">\n\t\t\t\t\t\t\t\n\t\t\t\t\t\t<\/ul>\n\t\t\t\t\t<\/div>\n\t\t\t<\/div>[\/vc_column_inner][vc_column_inner width=&#8221;1\/6&#8243;][\/vc_column_inner][vc_column_inner width=&#8221;1\/6&#8243;][\/vc_column_inner][vc_column_inner width=&#8221;1\/6&#8243;][\/vc_column_inner][vc_column_inner width=&#8221;1\/6&#8243;][\/vc_column_inner][\/vc_row_inner][\/vc_tta_section][vc_tta_section title=&#8221;Service&#8221; tab_id=&#8221;1693828199931-051a90ef-a89e&#8221;][vc_row_inner][vc_column_inner width=&#8221;1\/6&#8243;]<div class=\"fh-team  style-2\">\n\t\t\t\t<div class=\"team-member\">\n\t\t\t\t\t<div class=\"overlay\" style=\"background-color:rgba(69,172,52,0.35)\"><\/div>\n\t\t\t\t\t<img loading=\"lazy\" decoding=\"async\" class=\"\" src=\"https:\/\/printpack.lv\/wp-content\/uploads\/2023\/08\/DSC4699-scaled-264x400.jpg\" width=\"264\" height=\"400\" alt=\"_DSC4699\" title=\"_DSC4699\" \/>\n\t\t\t\t<\/div>\n\t\t\t\t<div class=\"info\">\n\t\t\t\t\t<h4 class=\"name\">Sergii Gryshchuk<\/h4>\n\t\t\t\t\t<span class=\"job\">Servisa in\u017eenieris<\/span>\n\t\t\t\t\t<p>printpack@printpack.lv +371 67818007<\/p>\n\t\t\t\t<\/div>\n\t\t\t\t<div class=\"socials\">\n\t\t\t\t\t\t<ul class=\"list-social clearfix\">\n\t\t\t\t\t\t\t\n\t\t\t\t\t\t<\/ul>\n\t\t\t\t\t<\/div>\n\t\t\t<\/div>[\/vc_column_inner][vc_column_inner width=&#8221;1\/6&#8243;][\/vc_column_inner][vc_column_inner width=&#8221;1\/6&#8243;][\/vc_column_inner][vc_column_inner width=&#8221;1\/6&#8243;][\/vc_column_inner][vc_column_inner width=&#8221;1\/6&#8243;][\/vc_column_inner][vc_column_inner width=&#8221;1\/6&#8243;][\/vc_column_inner][\/vc_row_inner][\/vc_tta_section][\/vc_tta_accordion][\/vc_column][\/vc_row]<\/p>\n<\/section>","protected":false},"excerpt":{"rendered":"<p>[vc_row css=&#8221;.vc_custom_1688542042662{padding-bottom: 10px !important;}&#8221;][vc_column][vc_single_image image=&#8221;5852&#8243; img_size=&#8221;Full&#8221; alignment=&#8221;center&#8221; css=&#8221;.vc_custom_1689254590658{padding-top: 25px !important;}&#8221;][vc_column_text css_animation=&#8221;none&#8221; css=&#8221;.vc_custom_1693221729717{padding-top: 70px !important;padding-bottom: 20px !important;}&#8221;] Our company Printpack Service&hellip;<\/p>\n","protected":false},"author":1,"featured_media":0,"parent":0,"menu_order":0,"comment_status":"closed","ping_status":"closed","template":"template-fullwidth.php","meta":{"footnotes":""},"class_list":["post-5725","page","type-page","status-publish","hentry","no-thumb"],"yoast_head":"<!-- This site is optimized with the Yoast SEO plugin v26.2 - https:\/\/yoast.com\/wordpress\/plugins\/seo\/ -->\n<title>About Us - Printpack Service<\/title>\n<meta name=\"robots\" content=\"index, follow, max-snippet:-1, max-image-preview:large, max-video-preview:-1\" \/>\n<link rel=\"canonical\" href=\"https:\/\/printpack.lv\/en\/about-us\/\" \/>\n<meta property=\"og:locale\" content=\"en_US\" \/>\n<meta property=\"og:type\" content=\"article\" \/>\n<meta property=\"og:title\" content=\"About Us - Printpack Service\" \/>\n<meta property=\"og:description\" content=\"[vc_row css=&#8221;.vc_custom_1688542042662{padding-bottom: 10px !important;}&#8221;][vc_column][vc_single_image image=&#8221;5852&#8243; img_size=&#8221;Full&#8221; alignment=&#8221;center&#8221; css=&#8221;.vc_custom_1689254590658{padding-top: 25px !important;}&#8221;][vc_column_text css_animation=&#8221;none&#8221; css=&#8221;.vc_custom_1693221729717{padding-top: 70px !important;padding-bottom: 20px !important;}&#8221;] Our company Printpack Service&hellip;\" \/>\n<meta property=\"og:url\" content=\"https:\/\/printpack.lv\/en\/about-us\/\" \/>\n<meta property=\"og:site_name\" content=\"Printpack Service\" \/>\n<meta property=\"article:publisher\" content=\"https:\/\/www.facebook.com\/creolink.lv\" \/>\n<meta property=\"article:modified_time\" content=\"2024-04-02T14:01:04+00:00\" \/>\n<meta property=\"og:image\" content=\"https:\/\/printpack.lv\/wp-content\/uploads\/2023\/11\/Printpack-Service_logo.png\" \/>\n\t<meta property=\"og:image:width\" content=\"1181\" \/>\n\t<meta property=\"og:image:height\" content=\"692\" \/>\n\t<meta property=\"og:image:type\" content=\"image\/png\" \/>\n<meta name=\"twitter:card\" content=\"summary_large_image\" \/>\n<meta name=\"twitter:label1\" content=\"Est. reading time\" \/>\n\t<meta name=\"twitter:data1\" content=\"6 minutes\" \/>\n<!-- \/ Yoast SEO plugin. -->","yoast_head_json":{"title":"About Us - Printpack Service","robots":{"index":"index","follow":"follow","max-snippet":"max-snippet:-1","max-image-preview":"max-image-preview:large","max-video-preview":"max-video-preview:-1"},"canonical":"https:\/\/printpack.lv\/en\/about-us\/","og_locale":"en_US","og_type":"article","og_title":"About Us - Printpack Service","og_description":"[vc_row css=&#8221;.vc_custom_1688542042662{padding-bottom: 10px !important;}&#8221;][vc_column][vc_single_image image=&#8221;5852&#8243; img_size=&#8221;Full&#8221; alignment=&#8221;center&#8221; css=&#8221;.vc_custom_1689254590658{padding-top: 25px !important;}&#8221;][vc_column_text css_animation=&#8221;none&#8221; css=&#8221;.vc_custom_1693221729717{padding-top: 70px !important;padding-bottom: 20px !important;}&#8221;] Our company Printpack Service&hellip;","og_url":"https:\/\/printpack.lv\/en\/about-us\/","og_site_name":"Printpack Service","article_publisher":"https:\/\/www.facebook.com\/creolink.lv","article_modified_time":"2024-04-02T14:01:04+00:00","og_image":[{"width":1181,"height":692,"url":"https:\/\/printpack.lv\/wp-content\/uploads\/2023\/11\/Printpack-Service_logo.png","type":"image\/png"}],"twitter_card":"summary_large_image","twitter_misc":{"Est. reading time":"6 minutes"},"schema":{"@context":"https:\/\/schema.org","@graph":[{"@type":"WebPage","@id":"https:\/\/printpack.lv\/en\/about-us\/","url":"https:\/\/printpack.lv\/en\/about-us\/","name":"About Us - Printpack Service","isPartOf":{"@id":"https:\/\/printpack.lv\/en\/#website"},"datePublished":"2017-04-21T06:33:30+00:00","dateModified":"2024-04-02T14:01:04+00:00","breadcrumb":{"@id":"https:\/\/printpack.lv\/en\/about-us\/#breadcrumb"},"inLanguage":"en-US","potentialAction":[{"@type":"ReadAction","target":["https:\/\/printpack.lv\/en\/about-us\/"]}]},{"@type":"BreadcrumbList","@id":"https:\/\/printpack.lv\/en\/about-us\/#breadcrumb","itemListElement":[{"@type":"ListItem","position":1,"name":"M\u0101jas","item":"https:\/\/printpack.lv\/en\/"},{"@type":"ListItem","position":2,"name":"About Us"}]},{"@type":"WebSite","@id":"https:\/\/printpack.lv\/en\/#website","url":"https:\/\/printpack.lv\/en\/","name":"Printpack Service","description":"","publisher":{"@id":"https:\/\/printpack.lv\/en\/#organization"},"potentialAction":[{"@type":"SearchAction","target":{"@type":"EntryPoint","urlTemplate":"https:\/\/printpack.lv\/en\/?s={search_term_string}"},"query-input":{"@type":"PropertyValueSpecification","valueRequired":true,"valueName":"search_term_string"}}],"inLanguage":"en-US"},{"@type":"Organization","@id":"https:\/\/printpack.lv\/en\/#organization","name":"Printpack Service","url":"https:\/\/printpack.lv\/en\/","logo":{"@type":"ImageObject","inLanguage":"en-US","@id":"https:\/\/printpack.lv\/en\/#\/schema\/logo\/image\/","url":"https:\/\/printpack.lv\/wp-content\/uploads\/2023\/11\/Printpack-Service_logo.png","contentUrl":"https:\/\/printpack.lv\/wp-content\/uploads\/2023\/11\/Printpack-Service_logo.png","width":1181,"height":692,"caption":"Printpack Service"},"image":{"@id":"https:\/\/printpack.lv\/en\/#\/schema\/logo\/image\/"},"sameAs":["https:\/\/www.facebook.com\/creolink.lv"]}]}},"rttpg_featured_image_url":null,"rttpg_author":{"display_name":"admin","author_link":"https:\/\/printpack.lv\/en\/author\/admin\/"},"rttpg_comment":0,"rttpg_category":" <a href=\"https:\/\/printpack.lv\/en\/?taxonomy=translation_priority&#038;term=optional-en\" rel=\"tag\">Optional<\/a>","rttpg_excerpt":"[vc_row css=&#8221;.vc_custom_1688542042662{padding-bottom: 10px !important;}&#8221;][vc_column][vc_single_image image=&#8221;5852&#8243; img_size=&#8221;Full&#8221; alignment=&#8221;center&#8221; css=&#8221;.vc_custom_1689254590658{padding-top: 25px !important;}&#8221;][vc_column_text css_animation=&#8221;none&#8221; css=&#8221;.vc_custom_1693221729717{padding-top: 70px !important;padding-bottom: 20px !important;}&#8221;] Our company Printpack Service&hellip;","_links":{"self":[{"href":"https:\/\/printpack.lv\/en\/wp-json\/wp\/v2\/pages\/5725","targetHints":{"allow":["GET"]}}],"collection":[{"href":"https:\/\/printpack.lv\/en\/wp-json\/wp\/v2\/pages"}],"about":[{"href":"https:\/\/printpack.lv\/en\/wp-json\/wp\/v2\/types\/page"}],"author":[{"embeddable":true,"href":"https:\/\/printpack.lv\/en\/wp-json\/wp\/v2\/users\/1"}],"replies":[{"embeddable":true,"href":"https:\/\/printpack.lv\/en\/wp-json\/wp\/v2\/comments?post=5725"}],"version-history":[{"count":14,"href":"https:\/\/printpack.lv\/en\/wp-json\/wp\/v2\/pages\/5725\/revisions"}],"predecessor-version":[{"id":8597,"href":"https:\/\/printpack.lv\/en\/wp-json\/wp\/v2\/pages\/5725\/revisions\/8597"}],"wp:attachment":[{"href":"https:\/\/printpack.lv\/en\/wp-json\/wp\/v2\/media?parent=5725"}],"curies":[{"name":"wp","href":"https:\/\/api.w.org\/{rel}","templated":true}]}}